{"id":29639,"date":"2025-11-09T19:11:17","date_gmt":"2025-11-09T19:11:17","guid":{"rendered":"https:\/\/fawearbrand.com\/?page_id=29639"},"modified":"2025-11-17T17:03:43","modified_gmt":"2025-11-17T17:03:43","slug":"paiement-et-livraison","status":"publish","type":"page","link":"https:\/\/fawearbrand.com\/fr\/paiement-et-livraison\/","title":{"rendered":"Paiement et livraison"},"content":{"rendered":"\t\t<div data-elementor-type=\"wp-page\" data-elementor-id=\"29639\" class=\"elementor elementor-29639\" data-elementor-post-type=\"page\">\n\t\t\t\t<div class=\"wd-negative-gap elementor-element elementor-element-3112741 e-flex e-con-boxed e-con e-parent\" data-id=\"3112741\" data-element_type=\"container\" data-e-type=\"container\">\n\t\t\t\t\t<div class=\"e-con-inner\">\n\t\t<div class=\"elementor-element elementor-element-e307630 e-con-full e-flex e-con e-child\" data-id=\"e307630\" data-element_type=\"container\" data-e-type=\"container\">\n\t\t\t\t<div class=\"elementor-element elementor-element-e018ab2 elementor-widget elementor-widget-heading\" data-id=\"e018ab2\" data-element_type=\"widget\" data-e-type=\"widget\" data-widget_type=\"heading.default\">\n\t\t\t\t\t<h2 class=\"elementor-heading-title elementor-size-default\">\ud83d\ude9a Livraison et paiement<\/h2>\t\t\t\t<\/div>\n\t\t\t\t<div class=\"elementor-element elementor-element-c4df942 elementor-widget elementor-widget-wd_text_block\" data-id=\"c4df942\" data-element_type=\"widget\" data-e-type=\"widget\" data-widget_type=\"wd_text_block.default\">\n\t\t\t\t<div class=\"elementor-widget-container\">\n\t\t\t\t\t\t\t<div class=\"wd-text-block reset-last-child text-left\">\n\t\t\t\n\t\t\t<p>\u2022 Livraison partout au Maroc sous 24h \u00e0 72h<br \/>\u2022 Frais de livraison fixes : 30 DH dans tout le Maroc<br \/>\u2022 Modes de paiement disponibles :<br \/>\u2022 \ud83d\udcb3 Carte bancaire<br \/>\u2022 \ud83c\udfe6 Virement bancaire<br \/>\u2022 \ud83d\udcb5 Paiement \u00e0 la livraison (Cash on Delivery)<\/p>\n\t\t\t\t\t<\/div>\n\t\t\t\t\t\t<\/div>\n\t\t\t\t<\/div>\n\t\t\t\t<div class=\"elementor-element elementor-element-28843f7 elementor-widget elementor-widget-heading\" data-id=\"28843f7\" data-element_type=\"widget\" data-e-type=\"widget\" data-widget_type=\"heading.default\">\n\t\t\t\t\t<h2 class=\"elementor-heading-title elementor-size-default\">\ud83d\udd04 Retours et remboursements<\/h2>\t\t\t\t<\/div>\n\t\t\t\t<div class=\"elementor-element elementor-element-20be6f9 elementor-widget elementor-widget-wd_text_block\" data-id=\"20be6f9\" data-element_type=\"widget\" data-e-type=\"widget\" data-widget_type=\"wd_text_block.default\">\n\t\t\t\t<div class=\"elementor-widget-container\">\n\t\t\t\t\t\t\t<div class=\"wd-text-block reset-last-child text-left\">\n\t\t\t\n\t\t\t<p>Vous pouvez retourner un article dans les 2 jours suivant la livraison, sous r\u00e9serve des conditions suivantes :<\/p><p>Conditions g\u00e9n\u00e9rales :<br \/>\u2022 Article neuf, non lav\u00e9, avec \u00e9tiquettes et emballage d\u2019origine<br \/>\u2022 Sans taches, odeurs ou poils<br \/>\u2022 Avec preuve d\u2019achat<\/p><p>Demande :<br \/>Envoyez votre demande par e-mail \u00e0 contact@fawear.com ou via WhatsApp au 06 88 19 61 79.<\/p><p>I. En cas d\u2019erreur de notre part (article d\u00e9fectueux, mauvaise taille)<br \/>\u2022 Remplacement ou remboursement \u00e0 notre charge<\/p><p>II. En cas d\u2019erreur de l\u2019acheteur (mauvais article ou erreur de taille)<br \/>\u2022 Remplacement possible, mais les frais de retour et de r\u00e9exp\u00e9dition sont \u00e0 la charge de l\u2019acheteur<\/p><p>BESOIN D\u2019AIDE ?<br \/>\u2022 E-mail : contact@fawear.com<br \/>\u2022 T\u00e9l\u00e9phone\/WhatsApp : 06 88 19 61 79<\/p>\n\t\t\t\t\t<\/div>\n\t\t\t\t\t\t<\/div>\n\t\t\t\t<\/div>\n\t\t\t\t<\/div>\n\t\t\t\t\t<\/div>\n\t\t\t\t<\/div>\n\t\t\t\t<\/div>\n\t\t","protected":false},"excerpt":{"rendered":"","protected":false},"author":1,"featured_media":0,"parent":0,"menu_order":0,"comment_status":"closed","ping_status":"closed","template":"elementor_header_footer","meta":{"footnotes":""},"class_list":["post-29639","page","type-page","status-publish","hentry"],"_links":{"self":[{"href":"https:\/\/fawearbrand.com\/fr\/wp-json\/wp\/v2\/pages\/29639","targetHints":{"allow":["GET"]}}],"collection":[{"href":"https:\/\/fawearbrand.com\/fr\/wp-json\/wp\/v2\/pages"}],"about":[{"href":"https:\/\/fawearbrand.com\/fr\/wp-json\/wp\/v2\/types\/page"}],"author":[{"embeddable":true,"href":"https:\/\/fawearbrand.com\/fr\/wp-json\/wp\/v2\/users\/1"}],"replies":[{"embeddable":true,"href":"https:\/\/fawearbrand.com\/fr\/wp-json\/wp\/v2\/comments?post=29639"}],"version-history":[{"count":14,"href":"https:\/\/fawearbrand.com\/fr\/wp-json\/wp\/v2\/pages\/29639\/revisions"}],"predecessor-version":[{"id":29805,"href":"https:\/\/fawearbrand.com\/fr\/wp-json\/wp\/v2\/pages\/29639\/revisions\/29805"}],"wp:attachment":[{"href":"https:\/\/fawearbrand.com\/fr\/wp-json\/wp\/v2\/media?parent=29639"}],"curies":[{"name":"wp","href":"https:\/\/api.w.org\/{rel}","templated":true}]}}