{"id":29132,"date":"2025-11-05T06:13:20","date_gmt":"2025-11-05T06:13:20","guid":{"rendered":"https:\/\/fawearbrand.com\/?post_type=product&#038;p=29132"},"modified":"2025-11-05T06:13:20","modified_gmt":"2025-11-05T06:13:20","slug":"trench-coat-beige","status":"publish","type":"product","link":"https:\/\/fawearbrand.com\/fr\/product\/trench-coat-beige\/","title":{"rendered":"Trench coat beige"},"content":{"rendered":"<p>Ajoutez une touche chic \u00e0 votre style avec ce trench-coat en toile premium, dot\u00e9 d\u2019une doublure douce, d\u2019un gilet int\u00e9gr\u00e9 et d\u2019une ceinture assortie en tissu identique. Les d\u00e9tails soign\u00e9s apportent une note raffin\u00e9e.<\/p>\n","protected":false},"excerpt":{"rendered":"<p>Trench-coat beige \u2013 \u00c9l\u00e9gance et confort<br \/>\nCoupe : normale<br \/>\nLongueur : 120 cm<\/p>\n","protected":false},"featured_media":29133,"comment_status":"open","ping_status":"closed","template":"","meta":[],"product_brand":[],"product_cat":[83],"product_tag":[],"class_list":{"0":"post-29132","1":"product","2":"type-product","3":"status-publish","4":"has-post-thumbnail","6":"product_cat-trench-coat","8":"first","9":"instock","10":"taxable","11":"shipping-taxable","12":"purchasable","13":"product-type-variable"},"_links":{"self":[{"href":"https:\/\/fawearbrand.com\/fr\/wp-json\/wp\/v2\/product\/29132","targetHints":{"allow":["GET"]}}],"collection":[{"href":"https:\/\/fawearbrand.com\/fr\/wp-json\/wp\/v2\/product"}],"about":[{"href":"https:\/\/fawearbrand.com\/fr\/wp-json\/wp\/v2\/types\/product"}],"replies":[{"embeddable":true,"href":"https:\/\/fawearbrand.com\/fr\/wp-json\/wp\/v2\/comments?post=29132"}],"version-history":[{"count":1,"href":"https:\/\/fawearbrand.com\/fr\/wp-json\/wp\/v2\/product\/29132\/revisions"}],"predecessor-version":[{"id":29138,"href":"https:\/\/fawearbrand.com\/fr\/wp-json\/wp\/v2\/product\/29132\/revisions\/29138"}],"wp:featuredmedia":[{"embeddable":true,"href":"https:\/\/fawearbrand.com\/fr\/wp-json\/wp\/v2\/media\/29133"}],"wp:attachment":[{"href":"https:\/\/fawearbrand.com\/fr\/wp-json\/wp\/v2\/media?parent=29132"}],"wp:term":[{"taxonomy":"product_brand","embeddable":true,"href":"https:\/\/fawearbrand.com\/fr\/wp-json\/wp\/v2\/product_brand?post=29132"},{"taxonomy":"product_cat","embeddable":true,"href":"https:\/\/fawearbrand.com\/fr\/wp-json\/wp\/v2\/product_cat?post=29132"},{"taxonomy":"product_tag","embeddable":true,"href":"https:\/\/fawearbrand.com\/fr\/wp-json\/wp\/v2\/product_tag?post=29132"}],"curies":[{"name":"wp","href":"https:\/\/api.w.org\/{rel}","templated":true}]}}