{"id":29144,"date":"2025-11-05T08:15:53","date_gmt":"2025-11-05T08:15:53","guid":{"rendered":"https:\/\/fawearbrand.com\/?post_type=product&#038;p=29144"},"modified":"2025-11-14T05:54:57","modified_gmt":"2025-11-14T05:54:57","slug":"cardigan-beige","status":"publish","type":"product","link":"https:\/\/fawearbrand.com\/fr\/product\/cardigan-beige\/","title":{"rendered":"Cardigan beige"},"content":{"rendered":"<p>Ce cardigan beige camel est une pi\u00e8ce classique et polyvalente, dot\u00e9 d\u2019une doublure confortable, de manches longues et d\u2019un col \u00e0 revers. Sa coupe normale offre un style classique et \u00e9l\u00e9gant, parfait pour toutes vos tenues.<\/p>\n","protected":false},"excerpt":{"rendered":"<p>Cardigan beige<br \/>\nLa longueur : 105cm<\/p>\n","protected":false},"featured_media":29146,"comment_status":"open","ping_status":"closed","template":"","meta":[],"product_brand":[],"product_cat":[86,87],"product_tag":[],"class_list":{"0":"post-29144","1":"product","2":"type-product","3":"status-publish","4":"has-post-thumbnail","6":"product_cat-cardigan","7":"product_cat-gabaredine-classic","9":"first","10":"instock","11":"taxable","12":"shipping-taxable","13":"purchasable","14":"product-type-variable"},"_links":{"self":[{"href":"https:\/\/fawearbrand.com\/fr\/wp-json\/wp\/v2\/product\/29144","targetHints":{"allow":["GET"]}}],"collection":[{"href":"https:\/\/fawearbrand.com\/fr\/wp-json\/wp\/v2\/product"}],"about":[{"href":"https:\/\/fawearbrand.com\/fr\/wp-json\/wp\/v2\/types\/product"}],"replies":[{"embeddable":true,"href":"https:\/\/fawearbrand.com\/fr\/wp-json\/wp\/v2\/comments?post=29144"}],"version-history":[{"count":3,"href":"https:\/\/fawearbrand.com\/fr\/wp-json\/wp\/v2\/product\/29144\/revisions"}],"predecessor-version":[{"id":29160,"href":"https:\/\/fawearbrand.com\/fr\/wp-json\/wp\/v2\/product\/29144\/revisions\/29160"}],"wp:featuredmedia":[{"embeddable":true,"href":"https:\/\/fawearbrand.com\/fr\/wp-json\/wp\/v2\/media\/29146"}],"wp:attachment":[{"href":"https:\/\/fawearbrand.com\/fr\/wp-json\/wp\/v2\/media?parent=29144"}],"wp:term":[{"taxonomy":"product_brand","embeddable":true,"href":"https:\/\/fawearbrand.com\/fr\/wp-json\/wp\/v2\/product_brand?post=29144"},{"taxonomy":"product_cat","embeddable":true,"href":"https:\/\/fawearbrand.com\/fr\/wp-json\/wp\/v2\/product_cat?post=29144"},{"taxonomy":"product_tag","embeddable":true,"href":"https:\/\/fawearbrand.com\/fr\/wp-json\/wp\/v2\/product_tag?post=29144"}],"curies":[{"name":"wp","href":"https:\/\/api.w.org\/{rel}","templated":true}]}}