{"id":29151,"date":"2025-11-05T08:22:42","date_gmt":"2025-11-05T08:22:42","guid":{"rendered":"https:\/\/fawearbrand.com\/?post_type=product&#038;p=29151"},"modified":"2025-11-05T08:22:42","modified_gmt":"2025-11-05T08:22:42","slug":"cardigan-noir","status":"publish","type":"product","link":"https:\/\/fawearbrand.com\/fr\/product\/cardigan-noir\/","title":{"rendered":"Cardigan Noir"},"content":{"rendered":"<p>Ce cardigan noir est une pi\u00e8ce classique et polyvalente, tissu avec des rayures en noir, sans doublure, de manches longues et d\u2019un col \u00e0 revers. Sa coupe normale offre un style classique et \u00e9l\u00e9gant, id\u00e9al pour un look \u00e0 la fois classique ou d\u00e9contract\u00e9.<\/p>\n","protected":false},"excerpt":{"rendered":"<p>Cardigan Noir<br \/>\nLa longueur : 105cm<\/p>\n","protected":false},"featured_media":29153,"comment_status":"open","ping_status":"closed","template":"","meta":[],"product_brand":[],"product_cat":[86,87],"product_tag":[],"class_list":{"0":"post-29151","1":"product","2":"type-product","3":"status-publish","4":"has-post-thumbnail","6":"product_cat-cardigan","7":"product_cat-gabaredine-classic","9":"first","10":"instock","11":"taxable","12":"shipping-taxable","13":"purchasable","14":"product-type-variable"},"_links":{"self":[{"href":"https:\/\/fawearbrand.com\/fr\/wp-json\/wp\/v2\/product\/29151","targetHints":{"allow":["GET"]}}],"collection":[{"href":"https:\/\/fawearbrand.com\/fr\/wp-json\/wp\/v2\/product"}],"about":[{"href":"https:\/\/fawearbrand.com\/fr\/wp-json\/wp\/v2\/types\/product"}],"replies":[{"embeddable":true,"href":"https:\/\/fawearbrand.com\/fr\/wp-json\/wp\/v2\/comments?post=29151"}],"version-history":[{"count":1,"href":"https:\/\/fawearbrand.com\/fr\/wp-json\/wp\/v2\/product\/29151\/revisions"}],"predecessor-version":[{"id":29158,"href":"https:\/\/fawearbrand.com\/fr\/wp-json\/wp\/v2\/product\/29151\/revisions\/29158"}],"wp:featuredmedia":[{"embeddable":true,"href":"https:\/\/fawearbrand.com\/fr\/wp-json\/wp\/v2\/media\/29153"}],"wp:attachment":[{"href":"https:\/\/fawearbrand.com\/fr\/wp-json\/wp\/v2\/media?parent=29151"}],"wp:term":[{"taxonomy":"product_brand","embeddable":true,"href":"https:\/\/fawearbrand.com\/fr\/wp-json\/wp\/v2\/product_brand?post=29151"},{"taxonomy":"product_cat","embeddable":true,"href":"https:\/\/fawearbrand.com\/fr\/wp-json\/wp\/v2\/product_cat?post=29151"},{"taxonomy":"product_tag","embeddable":true,"href":"https:\/\/fawearbrand.com\/fr\/wp-json\/wp\/v2\/product_tag?post=29151"}],"curies":[{"name":"wp","href":"https:\/\/api.w.org\/{rel}","templated":true}]}}