{"id":29170,"date":"2025-11-05T08:43:45","date_gmt":"2025-11-05T08:43:45","guid":{"rendered":"https:\/\/fawearbrand.com\/?post_type=product&#038;p=29170"},"modified":"2025-11-05T08:43:45","modified_gmt":"2025-11-05T08:43:45","slug":"ensemble-jupe-bleu-marine","status":"publish","type":"product","link":"https:\/\/fawearbrand.com\/fr\/product\/ensemble-jupe-bleu-marine\/","title":{"rendered":"ENSEMBLE\/JUPE BLEU MARINE"},"content":{"rendered":"","protected":false},"excerpt":{"rendered":"<p>Un ensemble \u00e9l\u00e9gant et confortable, id\u00e9al pour toutes les femmes. La jupe mesure 1 m\u00e8tre et la chemise 50 cm, offrant une coupe harmonieuse et un style raffin\u00e9.<\/p>\n","protected":false},"featured_media":29172,"comment_status":"open","ping_status":"closed","template":"","meta":[],"product_brand":[],"product_cat":[89],"product_tag":[],"class_list":{"0":"post-29170","1":"product","2":"type-product","3":"status-publish","4":"has-post-thumbnail","6":"product_cat-ensemble","8":"first","9":"instock","10":"taxable","11":"shipping-taxable","12":"purchasable","13":"product-type-variable"},"_links":{"self":[{"href":"https:\/\/fawearbrand.com\/fr\/wp-json\/wp\/v2\/product\/29170","targetHints":{"allow":["GET"]}}],"collection":[{"href":"https:\/\/fawearbrand.com\/fr\/wp-json\/wp\/v2\/product"}],"about":[{"href":"https:\/\/fawearbrand.com\/fr\/wp-json\/wp\/v2\/types\/product"}],"replies":[{"embeddable":true,"href":"https:\/\/fawearbrand.com\/fr\/wp-json\/wp\/v2\/comments?post=29170"}],"version-history":[{"count":1,"href":"https:\/\/fawearbrand.com\/fr\/wp-json\/wp\/v2\/product\/29170\/revisions"}],"predecessor-version":[{"id":29176,"href":"https:\/\/fawearbrand.com\/fr\/wp-json\/wp\/v2\/product\/29170\/revisions\/29176"}],"wp:featuredmedia":[{"embeddable":true,"href":"https:\/\/fawearbrand.com\/fr\/wp-json\/wp\/v2\/media\/29172"}],"wp:attachment":[{"href":"https:\/\/fawearbrand.com\/fr\/wp-json\/wp\/v2\/media?parent=29170"}],"wp:term":[{"taxonomy":"product_brand","embeddable":true,"href":"https:\/\/fawearbrand.com\/fr\/wp-json\/wp\/v2\/product_brand?post=29170"},{"taxonomy":"product_cat","embeddable":true,"href":"https:\/\/fawearbrand.com\/fr\/wp-json\/wp\/v2\/product_cat?post=29170"},{"taxonomy":"product_tag","embeddable":true,"href":"https:\/\/fawearbrand.com\/fr\/wp-json\/wp\/v2\/product_tag?post=29170"}],"curies":[{"name":"wp","href":"https:\/\/api.w.org\/{rel}","templated":true}]}}