{"id":29424,"date":"2025-11-08T13:42:11","date_gmt":"2025-11-08T13:42:11","guid":{"rendered":"https:\/\/fawearbrand.com\/?post_type=product&#038;p=29424"},"modified":"2025-11-09T19:09:16","modified_gmt":"2025-11-09T19:09:16","slug":"chemise","status":"publish","type":"product","link":"https:\/\/fawearbrand.com\/fr\/product\/chemise\/","title":{"rendered":"CHEMISE"},"content":{"rendered":"<p>La longueur : 100cm<br \/>\nChemise longue noire avec des boutons dor\u00e9s, offrant une touche chic et classique. Confectionn\u00e9e dans un tissu chaleureux et confortable, cette chemise combine \u00e9l\u00e9gance et praticit\u00e9.<\/p>\n","protected":false},"excerpt":{"rendered":"<p>La longueur : 100cm Chemise longue noire avec des boutons dor\u00e9s, offrant une touche chic et classique. Confectionn\u00e9e dans un<\/p>\n","protected":false},"featured_media":29425,"comment_status":"open","ping_status":"closed","template":"","meta":[],"product_brand":[],"product_cat":[94,142],"product_tag":[],"class_list":{"0":"post-29424","1":"product","2":"type-product","3":"status-publish","4":"has-post-thumbnail","6":"product_cat-chemise","7":"product_cat-soldes","9":"first","10":"instock","11":"sale","12":"taxable","13":"shipping-taxable","14":"purchasable","15":"product-type-variable"},"_links":{"self":[{"href":"https:\/\/fawearbrand.com\/fr\/wp-json\/wp\/v2\/product\/29424","targetHints":{"allow":["GET"]}}],"collection":[{"href":"https:\/\/fawearbrand.com\/fr\/wp-json\/wp\/v2\/product"}],"about":[{"href":"https:\/\/fawearbrand.com\/fr\/wp-json\/wp\/v2\/types\/product"}],"replies":[{"embeddable":true,"href":"https:\/\/fawearbrand.com\/fr\/wp-json\/wp\/v2\/comments?post=29424"}],"version-history":[{"count":1,"href":"https:\/\/fawearbrand.com\/fr\/wp-json\/wp\/v2\/product\/29424\/revisions"}],"predecessor-version":[{"id":29432,"href":"https:\/\/fawearbrand.com\/fr\/wp-json\/wp\/v2\/product\/29424\/revisions\/29432"}],"wp:featuredmedia":[{"embeddable":true,"href":"https:\/\/fawearbrand.com\/fr\/wp-json\/wp\/v2\/media\/29425"}],"wp:attachment":[{"href":"https:\/\/fawearbrand.com\/fr\/wp-json\/wp\/v2\/media?parent=29424"}],"wp:term":[{"taxonomy":"product_brand","embeddable":true,"href":"https:\/\/fawearbrand.com\/fr\/wp-json\/wp\/v2\/product_brand?post=29424"},{"taxonomy":"product_cat","embeddable":true,"href":"https:\/\/fawearbrand.com\/fr\/wp-json\/wp\/v2\/product_cat?post=29424"},{"taxonomy":"product_tag","embeddable":true,"href":"https:\/\/fawearbrand.com\/fr\/wp-json\/wp\/v2\/product_tag?post=29424"}],"curies":[{"name":"wp","href":"https:\/\/api.w.org\/{rel}","templated":true}]}}