{"id":29441,"date":"2025-11-08T15:18:15","date_gmt":"2025-11-08T15:18:15","guid":{"rendered":"https:\/\/fawearbrand.com\/?post_type=product&#038;p=29441"},"modified":"2025-11-09T19:08:58","modified_gmt":"2025-11-09T19:08:58","slug":"chemise-jean-brode","status":"publish","type":"product","link":"https:\/\/fawearbrand.com\/fr\/product\/chemise-jean-brode\/","title":{"rendered":"CHEMISE JEAN BROD\u00c9"},"content":{"rendered":"","protected":false},"excerpt":{"rendered":"<p>La longueur : 130cm<br \/>\nRobe chemise en jean brod\u00e9 avec ceinture optionnelle, offrant un style casual \u00e9l\u00e9gant et confortable. Id\u00e9ale pour un look d\u00e9contract\u00e9 avec des d\u00e9tails floraux subtils.<\/p>\n","protected":false},"featured_media":29443,"comment_status":"open","ping_status":"closed","template":"","meta":[],"product_brand":[],"product_cat":[95,142],"product_tag":[],"class_list":{"0":"post-29441","1":"product","2":"type-product","3":"status-publish","4":"has-post-thumbnail","6":"product_cat-robe-chemise","7":"product_cat-soldes","9":"first","10":"instock","11":"sale","12":"taxable","13":"shipping-taxable","14":"purchasable","15":"product-type-variable"},"_links":{"self":[{"href":"https:\/\/fawearbrand.com\/fr\/wp-json\/wp\/v2\/product\/29441","targetHints":{"allow":["GET"]}}],"collection":[{"href":"https:\/\/fawearbrand.com\/fr\/wp-json\/wp\/v2\/product"}],"about":[{"href":"https:\/\/fawearbrand.com\/fr\/wp-json\/wp\/v2\/types\/product"}],"replies":[{"embeddable":true,"href":"https:\/\/fawearbrand.com\/fr\/wp-json\/wp\/v2\/comments?post=29441"}],"version-history":[{"count":1,"href":"https:\/\/fawearbrand.com\/fr\/wp-json\/wp\/v2\/product\/29441\/revisions"}],"predecessor-version":[{"id":29447,"href":"https:\/\/fawearbrand.com\/fr\/wp-json\/wp\/v2\/product\/29441\/revisions\/29447"}],"wp:featuredmedia":[{"embeddable":true,"href":"https:\/\/fawearbrand.com\/fr\/wp-json\/wp\/v2\/media\/29443"}],"wp:attachment":[{"href":"https:\/\/fawearbrand.com\/fr\/wp-json\/wp\/v2\/media?parent=29441"}],"wp:term":[{"taxonomy":"product_brand","embeddable":true,"href":"https:\/\/fawearbrand.com\/fr\/wp-json\/wp\/v2\/product_brand?post=29441"},{"taxonomy":"product_cat","embeddable":true,"href":"https:\/\/fawearbrand.com\/fr\/wp-json\/wp\/v2\/product_cat?post=29441"},{"taxonomy":"product_tag","embeddable":true,"href":"https:\/\/fawearbrand.com\/fr\/wp-json\/wp\/v2\/product_tag?post=29441"}],"curies":[{"name":"wp","href":"https:\/\/api.w.org\/{rel}","templated":true}]}}