{"id":29457,"date":"2025-11-08T15:25:20","date_gmt":"2025-11-08T15:25:20","guid":{"rendered":"https:\/\/fawearbrand.com\/?post_type=product&#038;p=29457"},"modified":"2025-11-09T19:08:44","modified_gmt":"2025-11-09T19:08:44","slug":"chemise-robe-imprime","status":"publish","type":"product","link":"https:\/\/fawearbrand.com\/fr\/product\/chemise-robe-imprime\/","title":{"rendered":"CHEMISE ROBE IMPRIM\u00c9"},"content":{"rendered":"","protected":false},"excerpt":{"rendered":"<p>Robe chemise rouge imprim\u00e9e en lin, avec ceinture int\u00e9gr\u00e9e, poches lat\u00e9rales et manches longues \u00e9lastiqu\u00e9es. Fermeture par boutons nude pour un look chic et d\u00e9contract\u00e9.<\/p>\n","protected":false},"featured_media":29461,"comment_status":"open","ping_status":"closed","template":"","meta":[],"product_brand":[],"product_cat":[95,142],"product_tag":[],"class_list":{"0":"post-29457","1":"product","2":"type-product","3":"status-publish","4":"has-post-thumbnail","6":"product_cat-robe-chemise","7":"product_cat-soldes","9":"first","10":"instock","11":"sale","12":"taxable","13":"shipping-taxable","14":"purchasable","15":"product-type-variable"},"_links":{"self":[{"href":"https:\/\/fawearbrand.com\/fr\/wp-json\/wp\/v2\/product\/29457","targetHints":{"allow":["GET"]}}],"collection":[{"href":"https:\/\/fawearbrand.com\/fr\/wp-json\/wp\/v2\/product"}],"about":[{"href":"https:\/\/fawearbrand.com\/fr\/wp-json\/wp\/v2\/types\/product"}],"replies":[{"embeddable":true,"href":"https:\/\/fawearbrand.com\/fr\/wp-json\/wp\/v2\/comments?post=29457"}],"version-history":[{"count":1,"href":"https:\/\/fawearbrand.com\/fr\/wp-json\/wp\/v2\/product\/29457\/revisions"}],"predecessor-version":[{"id":29465,"href":"https:\/\/fawearbrand.com\/fr\/wp-json\/wp\/v2\/product\/29457\/revisions\/29465"}],"wp:featuredmedia":[{"embeddable":true,"href":"https:\/\/fawearbrand.com\/fr\/wp-json\/wp\/v2\/media\/29461"}],"wp:attachment":[{"href":"https:\/\/fawearbrand.com\/fr\/wp-json\/wp\/v2\/media?parent=29457"}],"wp:term":[{"taxonomy":"product_brand","embeddable":true,"href":"https:\/\/fawearbrand.com\/fr\/wp-json\/wp\/v2\/product_brand?post=29457"},{"taxonomy":"product_cat","embeddable":true,"href":"https:\/\/fawearbrand.com\/fr\/wp-json\/wp\/v2\/product_cat?post=29457"},{"taxonomy":"product_tag","embeddable":true,"href":"https:\/\/fawearbrand.com\/fr\/wp-json\/wp\/v2\/product_tag?post=29457"}],"curies":[{"name":"wp","href":"https:\/\/api.w.org\/{rel}","templated":true}]}}