{"id":29466,"date":"2025-11-08T15:28:22","date_gmt":"2025-11-08T15:28:22","guid":{"rendered":"https:\/\/fawearbrand.com\/?post_type=product&#038;p=29466"},"modified":"2025-11-09T19:08:36","modified_gmt":"2025-11-09T19:08:36","slug":"robe-blanche-imprime","status":"publish","type":"product","link":"https:\/\/fawearbrand.com\/fr\/product\/robe-blanche-imprime\/","title":{"rendered":"ROBE BLANCHE IMPRIM\u00c9"},"content":{"rendered":"","protected":false},"excerpt":{"rendered":"<p>Robe blanche imprim\u00e9e de motifs bleus clairs, avec des boutons sur le devant, mesurant 145 cm de longueur. Un choix l\u00e9ger et f\u00e9minin, parfait pour un look printanier ou estival.<\/p>\n","protected":false},"featured_media":29467,"comment_status":"open","ping_status":"closed","template":"","meta":[],"product_brand":[],"product_cat":[92,142],"product_tag":[],"class_list":{"0":"post-29466","1":"product","2":"type-product","3":"status-publish","4":"has-post-thumbnail","6":"product_cat-robe","7":"product_cat-soldes","9":"first","10":"instock","11":"sale","12":"taxable","13":"shipping-taxable","14":"purchasable","15":"product-type-variable"},"_links":{"self":[{"href":"https:\/\/fawearbrand.com\/fr\/wp-json\/wp\/v2\/product\/29466","targetHints":{"allow":["GET"]}}],"collection":[{"href":"https:\/\/fawearbrand.com\/fr\/wp-json\/wp\/v2\/product"}],"about":[{"href":"https:\/\/fawearbrand.com\/fr\/wp-json\/wp\/v2\/types\/product"}],"replies":[{"embeddable":true,"href":"https:\/\/fawearbrand.com\/fr\/wp-json\/wp\/v2\/comments?post=29466"}],"version-history":[{"count":1,"href":"https:\/\/fawearbrand.com\/fr\/wp-json\/wp\/v2\/product\/29466\/revisions"}],"predecessor-version":[{"id":29473,"href":"https:\/\/fawearbrand.com\/fr\/wp-json\/wp\/v2\/product\/29466\/revisions\/29473"}],"wp:featuredmedia":[{"embeddable":true,"href":"https:\/\/fawearbrand.com\/fr\/wp-json\/wp\/v2\/media\/29467"}],"wp:attachment":[{"href":"https:\/\/fawearbrand.com\/fr\/wp-json\/wp\/v2\/media?parent=29466"}],"wp:term":[{"taxonomy":"product_brand","embeddable":true,"href":"https:\/\/fawearbrand.com\/fr\/wp-json\/wp\/v2\/product_brand?post=29466"},{"taxonomy":"product_cat","embeddable":true,"href":"https:\/\/fawearbrand.com\/fr\/wp-json\/wp\/v2\/product_cat?post=29466"},{"taxonomy":"product_tag","embeddable":true,"href":"https:\/\/fawearbrand.com\/fr\/wp-json\/wp\/v2\/product_tag?post=29466"}],"curies":[{"name":"wp","href":"https:\/\/api.w.org\/{rel}","templated":true}]}}