{"id":29474,"date":"2025-11-08T15:32:16","date_gmt":"2025-11-08T15:32:16","guid":{"rendered":"https:\/\/fawearbrand.com\/?post_type=product&#038;p=29474"},"modified":"2025-11-09T19:07:54","modified_gmt":"2025-11-09T19:07:54","slug":"robe-vert-imprime","status":"publish","type":"product","link":"https:\/\/fawearbrand.com\/fr\/product\/robe-vert-imprime\/","title":{"rendered":"ROBE VERT IMPRIM\u00c9"},"content":{"rendered":"","protected":false},"excerpt":{"rendered":"<p>Robe verte imprim\u00e9e de motifs blancs et verts, avec des boutons sur le devant, mesurant 145 cm de longueur. Un choix l\u00e9ger et f\u00e9minin, parfait pour un look printanier ou estival.<\/p>\n","protected":false},"featured_media":29477,"comment_status":"open","ping_status":"closed","template":"","meta":[],"product_brand":[],"product_cat":[92,142],"product_tag":[],"class_list":{"0":"post-29474","1":"product","2":"type-product","3":"status-publish","4":"has-post-thumbnail","6":"product_cat-robe","7":"product_cat-soldes","9":"first","10":"instock","11":"sale","12":"taxable","13":"shipping-taxable","14":"purchasable","15":"product-type-variable"},"_links":{"self":[{"href":"https:\/\/fawearbrand.com\/fr\/wp-json\/wp\/v2\/product\/29474","targetHints":{"allow":["GET"]}}],"collection":[{"href":"https:\/\/fawearbrand.com\/fr\/wp-json\/wp\/v2\/product"}],"about":[{"href":"https:\/\/fawearbrand.com\/fr\/wp-json\/wp\/v2\/types\/product"}],"replies":[{"embeddable":true,"href":"https:\/\/fawearbrand.com\/fr\/wp-json\/wp\/v2\/comments?post=29474"}],"version-history":[{"count":1,"href":"https:\/\/fawearbrand.com\/fr\/wp-json\/wp\/v2\/product\/29474\/revisions"}],"predecessor-version":[{"id":29480,"href":"https:\/\/fawearbrand.com\/fr\/wp-json\/wp\/v2\/product\/29474\/revisions\/29480"}],"wp:featuredmedia":[{"embeddable":true,"href":"https:\/\/fawearbrand.com\/fr\/wp-json\/wp\/v2\/media\/29477"}],"wp:attachment":[{"href":"https:\/\/fawearbrand.com\/fr\/wp-json\/wp\/v2\/media?parent=29474"}],"wp:term":[{"taxonomy":"product_brand","embeddable":true,"href":"https:\/\/fawearbrand.com\/fr\/wp-json\/wp\/v2\/product_brand?post=29474"},{"taxonomy":"product_cat","embeddable":true,"href":"https:\/\/fawearbrand.com\/fr\/wp-json\/wp\/v2\/product_cat?post=29474"},{"taxonomy":"product_tag","embeddable":true,"href":"https:\/\/fawearbrand.com\/fr\/wp-json\/wp\/v2\/product_tag?post=29474"}],"curies":[{"name":"wp","href":"https:\/\/api.w.org\/{rel}","templated":true}]}}