{"id":29925,"date":"2025-12-09T21:24:41","date_gmt":"2025-12-09T21:24:41","guid":{"rendered":"https:\/\/fawearbrand.com\/?post_type=product&#038;p=29925"},"modified":"2025-12-09T21:29:10","modified_gmt":"2025-12-09T21:29:10","slug":"manteau-cachemire","status":"publish","type":"product","link":"https:\/\/fawearbrand.com\/fr\/product\/manteau-cachemire\/","title":{"rendered":"Manteau Cachemire Marron"},"content":{"rendered":"<p style=\"text-align: left;\">Manteau long en tissu doux et chaud, qui ne peluche pas, id\u00e9al pour l\u2019hiver. Il pr\u00e9sente un design moderne et mesure 120 cm de long, avec de jolis boutons \u00e9l\u00e9gants et harmonieux sur les manches et une patte qui peut \u00eatre ouverte selon les pr\u00e9f\u00e9rences du client. Il est \u00e9quip\u00e9 d\u2019une ceinture \u00e0 la taille pour affiner la silhouette, offrant \u00e0 la fois confort et chaleur avec une touche d\u2019\u00e9l\u00e9gance.<\/p>\n","protected":false},"excerpt":{"rendered":"<p>Manteau Cachemire Marrron<\/p>\n","protected":false},"featured_media":29930,"comment_status":"open","ping_status":"closed","template":"","meta":[],"product_brand":[],"product_cat":[91],"product_tag":[319],"class_list":{"0":"post-29925","1":"product","2":"type-product","3":"status-publish","4":"has-post-thumbnail","6":"product_cat-manteau","7":"product_tag-fb","9":"first","10":"instock","11":"taxable","12":"shipping-taxable","13":"purchasable","14":"product-type-variable"},"_links":{"self":[{"href":"https:\/\/fawearbrand.com\/fr\/wp-json\/wp\/v2\/product\/29925","targetHints":{"allow":["GET"]}}],"collection":[{"href":"https:\/\/fawearbrand.com\/fr\/wp-json\/wp\/v2\/product"}],"about":[{"href":"https:\/\/fawearbrand.com\/fr\/wp-json\/wp\/v2\/types\/product"}],"replies":[{"embeddable":true,"href":"https:\/\/fawearbrand.com\/fr\/wp-json\/wp\/v2\/comments?post=29925"}],"version-history":[{"count":3,"href":"https:\/\/fawearbrand.com\/fr\/wp-json\/wp\/v2\/product\/29925\/revisions"}],"predecessor-version":[{"id":29933,"href":"https:\/\/fawearbrand.com\/fr\/wp-json\/wp\/v2\/product\/29925\/revisions\/29933"}],"wp:featuredmedia":[{"embeddable":true,"href":"https:\/\/fawearbrand.com\/fr\/wp-json\/wp\/v2\/media\/29930"}],"wp:attachment":[{"href":"https:\/\/fawearbrand.com\/fr\/wp-json\/wp\/v2\/media?parent=29925"}],"wp:term":[{"taxonomy":"product_brand","embeddable":true,"href":"https:\/\/fawearbrand.com\/fr\/wp-json\/wp\/v2\/product_brand?post=29925"},{"taxonomy":"product_cat","embeddable":true,"href":"https:\/\/fawearbrand.com\/fr\/wp-json\/wp\/v2\/product_cat?post=29925"},{"taxonomy":"product_tag","embeddable":true,"href":"https:\/\/fawearbrand.com\/fr\/wp-json\/wp\/v2\/product_tag?post=29925"}],"curies":[{"name":"wp","href":"https:\/\/api.w.org\/{rel}","templated":true}]}}